{"id":32,"date":"2026-05-02T14:07:58","date_gmt":"2026-05-02T12:07:58","guid":{"rendered":"http:\/\/nordseebienen.de\/?page_id=32"},"modified":"2026-05-02T14:07:58","modified_gmt":"2026-05-02T12:07:58","slug":"impressum","status":"publish","type":"page","link":"http:\/\/nordseebienen.de\/?page_id=32","title":{"rendered":"Impressum"},"content":{"rendered":"\n<p><strong>Impressum<\/strong><\/p>\n\n\n\n<p><strong>Angaben gem\u00e4\u00df \u00a7 5 TDDG:<\/strong>\u00a0<\/p>\n\n\n\n<p>Dr. med. Bj\u00f6rn Lohmann<\/p>\n\n\n\n<p>Imkerei Lohmann<\/p>\n\n\n\n<p>An der Norderwarf 6<\/p>\n\n\n\n<p>26388 Wilhelmshaven OT Sengwarden<\/p>\n\n\n\n<p><\/p>\n\n\n\n<p><strong>Kontakt:<\/strong>\u00a0info ( at ) imkerei-lohmann.de <\/p>\n\n\n\n<p><strong>Aufsichtsbeh\u00f6rde:<\/strong>\u00a0Veterin\u00e4ramt JadeWeser, Olympiastra\u00dfe 1, 26419 Schortens<\/p>\n\n\n\n<p><strong>Redaktionell verantwortlich:<\/strong> Dr. med. Bj\u00f6rn Lohmann, An der Norderwarf 6, 26388 Wilhelmshaven<\/p>\n\n\n\n<p><strong>Hinweis zur Bio-Zertifizierung:<\/strong>\u00a0Wir befinden uns aktuell im Umstellungsjahr zur \u00f6kologischen Bienenhaltung. Unsere offizielle Zertifizierung durch die Kontrollstelle [Bio-Kontroll INSTITUT DE-\u00d6KO-073] im Rahmen der APIBIO e. V. Gruppenzertifizierung wird f\u00fcr Juni 2026 erwartet. Bis dahin erfolgt der Verkauf unserer Produkte konventionell.<\/p>\n","protected":false},"excerpt":{"rendered":"<p>Impressum Angaben gem\u00e4\u00df \u00a7 5 TDDG:\u00a0 Dr. med. Bj\u00f6rn Lohmann Imkerei Lohmann An der Norderwarf 6 26388 Wilhelmshaven OT Sengwarden [&hellip;]<\/p>\n","protected":false},"author":1,"featured_media":0,"parent":0,"menu_order":0,"comment_status":"closed","ping_status":"closed","template":"","meta":{"site-sidebar-layout":"default","site-content-layout":"","ast-site-content-layout":"default","site-content-style":"default","site-sidebar-style":"default","ast-global-header-display":"","ast-banner-title-visibility":"","ast-main-header-display":"","ast-hfb-above-header-display":"","ast-hfb-below-header-display":"","ast-hfb-mobile-header-display":"","site-post-title":"","ast-breadcrumbs-content":"","ast-featured-img":"","footer-sml-layout":"","ast-disable-related-posts":"","theme-transparent-header-meta":"","adv-header-id-meta":"","stick-header-meta":"","header-above-stick-meta":"","header-main-stick-meta":"","header-below-stick-meta":"","astra-migrate-meta-layouts":"default","ast-page-background-enabled":"default","ast-page-background-meta":{"desktop":{"background-color":"var(--ast-global-color-5)","background-image":"","background-repeat":"repeat","background-position":"center center","background-size":"auto","background-attachment":"scroll","background-type":"","background-media":"","overlay-type":"","overlay-color":"","overlay-opacity":"","overlay-gradient":""},"tablet":{"background-color":"","background-image":"","background-repeat":"repeat","background-position":"center center","background-size":"auto","background-attachment":"scroll","background-type":"","background-media":"","overlay-type":"","overlay-color":"","overlay-opacity":"","overlay-gradient":""},"mobile":{"background-color":"","background-image":"","background-repeat":"repeat","background-position":"center center","background-size":"auto","background-attachment":"scroll","background-type":"","background-media":"","overlay-type":"","overlay-color":"","overlay-opacity":"","overlay-gradient":""}},"ast-content-background-meta":{"desktop":{"background-color":"var(--ast-global-color-4)","background-image":"","background-repeat":"repeat","background-position":"center center","background-size":"auto","background-attachment":"scroll","background-type":"","background-media":"","overlay-type":"","overlay-color":"","overlay-opacity":"","overlay-gradient":""},"tablet":{"background-color":"var(--ast-global-color-4)","background-image":"","background-repeat":"repeat","background-position":"center center","background-size":"auto","background-attachment":"scroll","background-type":"","background-media":"","overlay-type":"","overlay-color":"","overlay-opacity":"","overlay-gradient":""},"mobile":{"background-color":"var(--ast-global-color-4)","background-image":"","background-repeat":"repeat","background-position":"center center","background-size":"auto","background-attachment":"scroll","background-type":"","background-media":"","overlay-type":"","overlay-color":"","overlay-opacity":"","overlay-gradient":""}},"footnotes":""},"class_list":["post-32","page","type-page","status-publish","hentry"],"_links":{"self":[{"href":"http:\/\/nordseebienen.de\/index.php?rest_route=\/wp\/v2\/pages\/32","targetHints":{"allow":["GET"]}}],"collection":[{"href":"http:\/\/nordseebienen.de\/index.php?rest_route=\/wp\/v2\/pages"}],"about":[{"href":"http:\/\/nordseebienen.de\/index.php?rest_route=\/wp\/v2\/types\/page"}],"author":[{"embeddable":true,"href":"http:\/\/nordseebienen.de\/index.php?rest_route=\/wp\/v2\/users\/1"}],"replies":[{"embeddable":true,"href":"http:\/\/nordseebienen.de\/index.php?rest_route=%2Fwp%2Fv2%2Fcomments&post=32"}],"version-history":[{"count":1,"href":"http:\/\/nordseebienen.de\/index.php?rest_route=\/wp\/v2\/pages\/32\/revisions"}],"predecessor-version":[{"id":35,"href":"http:\/\/nordseebienen.de\/index.php?rest_route=\/wp\/v2\/pages\/32\/revisions\/35"}],"wp:attachment":[{"href":"http:\/\/nordseebienen.de\/index.php?rest_route=%2Fwp%2Fv2%2Fmedia&parent=32"}],"curies":[{"name":"wp","href":"https:\/\/api.w.org\/{rel}","templated":true}]}}